{"id":1092,"date":"2023-09-15T09:00:12","date_gmt":"2023-09-15T09:00:12","guid":{"rendered":"https:\/\/www.malena-art.cz\/industrial-painting\/"},"modified":"2023-12-06T16:27:39","modified_gmt":"2023-12-06T16:27:39","slug":"industrial-painting","status":"publish","type":"page","link":"https:\/\/www.malena-art.cz\/en\/industrial-painting\/","title":{"rendered":"Industrial painting"},"content":{"rendered":"\t\t<div data-elementor-type=\"wp-page\" data-elementor-id=\"1092\" class=\"elementor elementor-1092 elementor-180\" data-elementor-post-type=\"page\">\n\t\t\t\t\t\t<section class=\"elementor-section elementor-top-section elementor-element elementor-element-331822a elementor-section-height-min-height elementor-section-boxed elementor-section-height-default elementor-section-items-middle\" data-id=\"331822a\" data-element_type=\"section\" data-e-type=\"section\" data-settings=\"{&quot;background_background&quot;:&quot;classic&quot;,&quot;jet_parallax_layout_list&quot;:[]}\">\n\t\t\t\t\t\t\t<div class=\"elementor-background-overlay\"><\/div>\n\t\t\t\t\t\t\t<div class=\"elementor-container elementor-column-gap-default\">\n\t\t\t\t\t<div class=\"elementor-column elementor-col-50 elementor-top-column elementor-element elementor-element-663a373\" data-id=\"663a373\" data-element_type=\"column\" data-e-type=\"column\">\n\t\t\t<div class=\"elementor-widget-wrap elementor-element-populated\">\n\t\t\t\t\t\t<div class=\"elementor-element elementor-element-a7a630b elementor-position-inline-start elementor-mobile-position-inline-start elementor-view-default elementor-widget elementor-widget-icon-box\" data-id=\"a7a630b\" data-element_type=\"widget\" data-e-type=\"widget\" data-widget_type=\"icon-box.default\">\n\t\t\t\t<div class=\"elementor-widget-container\">\n\t\t\t\t\t\t\t<div class=\"elementor-icon-box-wrapper\">\n\n\t\t\t\t\t\t<div class=\"elementor-icon-box-icon\">\n\t\t\t\t<a href=\"\/en\/\" class=\"elementor-icon\" tabindex=\"-1\" aria-label=\"Back\">\n\t\t\t\t<svg xmlns=\"http:\/\/www.w3.org\/2000\/svg\" xmlns:xlink=\"http:\/\/www.w3.org\/1999\/xlink\" id=\"Layer_1\" x=\"0px\" y=\"0px\" viewBox=\"0 0 511.987 511.987\" style=\"enable-background:new 0 0 511.987 511.987;\" xml:space=\"preserve\"><g>\t<g>\t\t<path d=\"M199.81,97.388l-24.133-24.133L5.005,243.927c-6.673,6.673-6.673,17.46,0,24.133l170.672,170.672l24.133-24.133   L58.272,273.061h453.715v-34.135H58.272L199.81,97.388z\"><\/path>\t<\/g><\/g><g><\/g><g><\/g><g><\/g><g><\/g><g><\/g><g><\/g><g><\/g><g><\/g><g><\/g><g><\/g><g><\/g><g><\/g><g><\/g><g><\/g><g><\/g><\/svg>\t\t\t\t<\/a>\n\t\t\t<\/div>\n\t\t\t\n\t\t\t\t\t\t<div class=\"elementor-icon-box-content\">\n\n\t\t\t\t\t\t\t\t\t<h3 class=\"elementor-icon-box-title\">\n\t\t\t\t\t\t<a href=\"\/en\/\" >\n\t\t\t\t\t\t\tBack\t\t\t\t\t\t<\/a>\n\t\t\t\t\t<\/h3>\n\t\t\t\t\n\t\t\t\t\n\t\t\t<\/div>\n\t\t\t\n\t\t<\/div>\n\t\t\t\t\t\t<\/div>\n\t\t\t\t<\/div>\n\t\t\t\t<div class=\"elementor-element elementor-element-7777bbe elementor-widget elementor-widget-heading\" data-id=\"7777bbe\" data-element_type=\"widget\" data-e-type=\"widget\" data-widget_type=\"heading.default\">\n\t\t\t\t<div class=\"elementor-widget-container\">\n\t\t\t\t\t<h2 class=\"elementor-heading-title elementor-size-default\">Industrial painting<\/h2>\t\t\t\t<\/div>\n\t\t\t\t<\/div>\n\t\t\t\t<div class=\"elementor-element elementor-element-415518d elementor-widget elementor-widget-text-editor\" data-id=\"415518d\" data-element_type=\"widget\" data-e-type=\"widget\" data-widget_type=\"text-editor.default\">\n\t\t\t\t<div class=\"elementor-widget-container\">\n\t\t\t\t\t\t\t\t\t<div id=\"mCSB_2_container\" class=\"mCSB_container\" dir=\"ltr\">\n<p>Every day, we tackle new challenges, seek more sophisticated technological approaches, and discover increasingly beautiful colors. Just for you.<\/p>\n<p>Quality lacquered furniture handles have closed over seven million doors and drawers worldwide, sparkling metallic finishes adorn three million bicycle shifters, hundreds of thousands of granite faucets regulate water flows in kitchens every day, and lacquered air conditioning units and other interesting products serve thousands more people.<\/p>\n<\/div>\n<div id=\"mCSB_2_scrollbar_vertical\" class=\"mCSB_scrollTools mCSB_2_scrollbar mCS-light mCSB_scrollTools_vertical\">\n<div class=\"mCSB_draggerContainer\">\n<div id=\"mCSB_2_dragger_vertical\" class=\"mCSB_dragger\"> <\/div>\n<\/div>\n<\/div>\n\t\t\t\t\t\t\t\t<\/div>\n\t\t\t\t<\/div>\n\t\t\t\t\t<\/div>\n\t\t<\/div>\n\t\t\t\t<div class=\"elementor-column elementor-col-50 elementor-top-column elementor-element elementor-element-b2d493c\" data-id=\"b2d493c\" data-element_type=\"column\" data-e-type=\"column\">\n\t\t\t<div class=\"elementor-widget-wrap elementor-element-populated\">\n\t\t\t\t\t\t<section class=\"elementor-section elementor-inner-section elementor-element elementor-element-c8db74e elementor-section-boxed elementor-section-height-default elementor-section-height-default\" data-id=\"c8db74e\" data-element_type=\"section\" data-e-type=\"section\" data-settings=\"{&quot;jet_parallax_layout_list&quot;:[]}\">\n\t\t\t\t\t\t<div class=\"elementor-container elementor-column-gap-default\">\n\t\t\t\t\t<div class=\"elementor-column elementor-col-100 elementor-inner-column elementor-element elementor-element-a9cd2a7\" data-id=\"a9cd2a7\" data-element_type=\"column\" data-e-type=\"column\">\n\t\t\t<div class=\"elementor-widget-wrap elementor-element-populated\">\n\t\t\t\t\t\t<div class=\"elementor-element elementor-element-8540688 elementor-widget elementor-widget-gallery\" data-id=\"8540688\" data-element_type=\"widget\" data-e-type=\"widget\" data-settings=\"{&quot;columns&quot;:2,&quot;gap&quot;:{&quot;unit&quot;:&quot;px&quot;,&quot;size&quot;:5,&quot;sizes&quot;:[]},&quot;columns_mobile&quot;:2,&quot;gallery_layout&quot;:&quot;grid&quot;,&quot;columns_tablet&quot;:2,&quot;gap_tablet&quot;:{&quot;unit&quot;:&quot;px&quot;,&quot;size&quot;:10,&quot;sizes&quot;:[]},&quot;gap_mobile&quot;:{&quot;unit&quot;:&quot;px&quot;,&quot;size&quot;:10,&quot;sizes&quot;:[]},&quot;link_to&quot;:&quot;file&quot;,&quot;aspect_ratio&quot;:&quot;3:2&quot;,&quot;overlay_background&quot;:&quot;yes&quot;,&quot;content_hover_animation&quot;:&quot;fade-in&quot;}\" data-widget_type=\"gallery.default\">\n\t\t\t\t<div class=\"elementor-widget-container\">\n\t\t\t\t\t\t\t<div class=\"elementor-gallery__container\">\n\t\t\t\t\t\t\t<a class=\"e-gallery-item elementor-gallery-item elementor-animated-content\" href=\"https:\/\/www.malena-art.cz\/wp-content\/uploads\/2023\/09\/Designove-lakovani-RC-ovladacu-3-scaled.jpg\" data-elementor-open-lightbox=\"yes\" data-elementor-lightbox-slideshow=\"8540688\" data-elementor-lightbox-title=\"Designov\u00e9 lakov\u00e1n\u00ed RC ovlada\u010d\u016f (3)\" data-e-action-hash=\"#elementor-action%3Aaction%3Dlightbox%26settings%3DeyJpZCI6OTY0LCJ1cmwiOiJodHRwczpcL1wvd3d3Lm1hbGVuYS1hcnQuY3pcL3dwLWNvbnRlbnRcL3VwbG9hZHNcLzIwMjNcLzA5XC9EZXNpZ25vdmUtbGFrb3ZhbmktUkMtb3ZsYWRhY3UtMy1zY2FsZWQuanBnIiwic2xpZGVzaG93IjoiODU0MDY4OCJ9\">\n\t\t\t\t\t<div class=\"e-gallery-image elementor-gallery-item__image\" data-thumbnail=\"https:\/\/www.malena-art.cz\/wp-content\/uploads\/2023\/09\/Designove-lakovani-RC-ovladacu-3-768x668.jpg\" data-width=\"768\" data-height=\"668\" aria-label=\"\" role=\"img\" ><\/div>\n\t\t\t\t\t\t\t\t\t\t\t<div class=\"elementor-gallery-item__overlay\"><\/div>\n\t\t\t\t\t\t\t\t\t\t\t\t\t\t<\/a>\n\t\t\t\t\t\t\t<a class=\"e-gallery-item elementor-gallery-item elementor-animated-content\" href=\"https:\/\/www.malena-art.cz\/wp-content\/uploads\/2023\/09\/Designove-lakovani-RC-ovladacu-4-scaled.jpg\" data-elementor-open-lightbox=\"yes\" data-elementor-lightbox-slideshow=\"8540688\" data-elementor-lightbox-title=\"Designov\u00e9 lakov\u00e1n\u00ed RC ovlada\u010d\u016f (4)\" data-e-action-hash=\"#elementor-action%3Aaction%3Dlightbox%26settings%3DeyJpZCI6OTY1LCJ1cmwiOiJodHRwczpcL1wvd3d3Lm1hbGVuYS1hcnQuY3pcL3dwLWNvbnRlbnRcL3VwbG9hZHNcLzIwMjNcLzA5XC9EZXNpZ25vdmUtbGFrb3ZhbmktUkMtb3ZsYWRhY3UtNC1zY2FsZWQuanBnIiwic2xpZGVzaG93IjoiODU0MDY4OCJ9\">\n\t\t\t\t\t<div class=\"e-gallery-image elementor-gallery-item__image\" data-thumbnail=\"https:\/\/www.malena-art.cz\/wp-content\/uploads\/2023\/09\/Designove-lakovani-RC-ovladacu-4-768x657.jpg\" data-width=\"768\" data-height=\"657\" aria-label=\"\" role=\"img\" ><\/div>\n\t\t\t\t\t\t\t\t\t\t\t<div class=\"elementor-gallery-item__overlay\"><\/div>\n\t\t\t\t\t\t\t\t\t\t\t\t\t\t<\/a>\n\t\t\t\t\t\t\t<a class=\"e-gallery-item elementor-gallery-item elementor-animated-content\" href=\"https:\/\/www.malena-art.cz\/wp-content\/uploads\/2023\/09\/Designove-lakovani-RC-ovladacu-5-scaled.jpg\" data-elementor-open-lightbox=\"yes\" data-elementor-lightbox-slideshow=\"8540688\" data-elementor-lightbox-title=\"Designov\u00e9 lakov\u00e1n\u00ed RC ovlada\u010d\u016f (5)\" data-e-action-hash=\"#elementor-action%3Aaction%3Dlightbox%26settings%3DeyJpZCI6OTY2LCJ1cmwiOiJodHRwczpcL1wvd3d3Lm1hbGVuYS1hcnQuY3pcL3dwLWNvbnRlbnRcL3VwbG9hZHNcLzIwMjNcLzA5XC9EZXNpZ25vdmUtbGFrb3ZhbmktUkMtb3ZsYWRhY3UtNS1zY2FsZWQuanBnIiwic2xpZGVzaG93IjoiODU0MDY4OCJ9\">\n\t\t\t\t\t<div class=\"e-gallery-image elementor-gallery-item__image\" data-thumbnail=\"https:\/\/www.malena-art.cz\/wp-content\/uploads\/2023\/09\/Designove-lakovani-RC-ovladacu-5-768x530.jpg\" data-width=\"768\" data-height=\"530\" aria-label=\"\" role=\"img\" ><\/div>\n\t\t\t\t\t\t\t\t\t\t\t<div class=\"elementor-gallery-item__overlay\"><\/div>\n\t\t\t\t\t\t\t\t\t\t\t\t\t\t<\/a>\n\t\t\t\t\t\t\t<a class=\"e-gallery-item elementor-gallery-item elementor-animated-content\" href=\"https:\/\/www.malena-art.cz\/wp-content\/uploads\/2023\/10\/prumyslove-lakovani_6.jpg\" data-elementor-open-lightbox=\"yes\" data-elementor-lightbox-slideshow=\"8540688\" data-elementor-lightbox-title=\"prumyslove-lakovani_6\" data-e-action-hash=\"#elementor-action%3Aaction%3Dlightbox%26settings%3DeyJpZCI6MTA0NCwidXJsIjoiaHR0cHM6XC9cL3d3dy5tYWxlbmEtYXJ0LmN6XC93cC1jb250ZW50XC91cGxvYWRzXC8yMDIzXC8xMFwvcHJ1bXlzbG92ZS1sYWtvdmFuaV82LmpwZyIsInNsaWRlc2hvdyI6Ijg1NDA2ODgifQ%3D%3D\">\n\t\t\t\t\t<div class=\"e-gallery-image elementor-gallery-item__image\" data-thumbnail=\"https:\/\/www.malena-art.cz\/wp-content\/uploads\/2023\/10\/prumyslove-lakovani_6-768x308.jpg\" data-width=\"768\" data-height=\"308\" aria-label=\"\" role=\"img\" ><\/div>\n\t\t\t\t\t\t\t\t\t\t\t<div class=\"elementor-gallery-item__overlay\"><\/div>\n\t\t\t\t\t\t\t\t\t\t\t\t\t\t<\/a>\n\t\t\t\t\t\t\t<a class=\"e-gallery-item elementor-gallery-item elementor-animated-content\" href=\"https:\/\/www.malena-art.cz\/wp-content\/uploads\/2023\/10\/prumyslove-lakovani_5.jpg\" data-elementor-open-lightbox=\"yes\" data-elementor-lightbox-slideshow=\"8540688\" data-elementor-lightbox-title=\"prumyslove-lakovani_5\" data-e-action-hash=\"#elementor-action%3Aaction%3Dlightbox%26settings%3DeyJpZCI6MTA0MywidXJsIjoiaHR0cHM6XC9cL3d3dy5tYWxlbmEtYXJ0LmN6XC93cC1jb250ZW50XC91cGxvYWRzXC8yMDIzXC8xMFwvcHJ1bXlzbG92ZS1sYWtvdmFuaV81LmpwZyIsInNsaWRlc2hvdyI6Ijg1NDA2ODgifQ%3D%3D\">\n\t\t\t\t\t<div class=\"e-gallery-image elementor-gallery-item__image\" data-thumbnail=\"https:\/\/www.malena-art.cz\/wp-content\/uploads\/2023\/10\/prumyslove-lakovani_5-768x308.jpg\" data-width=\"768\" data-height=\"308\" aria-label=\"\" role=\"img\" ><\/div>\n\t\t\t\t\t\t\t\t\t\t\t<div class=\"elementor-gallery-item__overlay\"><\/div>\n\t\t\t\t\t\t\t\t\t\t\t\t\t\t<\/a>\n\t\t\t\t\t\t\t<a class=\"e-gallery-item elementor-gallery-item elementor-animated-content\" href=\"https:\/\/www.malena-art.cz\/wp-content\/uploads\/2023\/10\/prumyslove-lakovani_9.jpg\" data-elementor-open-lightbox=\"yes\" data-elementor-lightbox-slideshow=\"8540688\" data-elementor-lightbox-title=\"prumyslove-lakovani_9\" data-e-action-hash=\"#elementor-action%3Aaction%3Dlightbox%26settings%3DeyJpZCI6MTA0NywidXJsIjoiaHR0cHM6XC9cL3d3dy5tYWxlbmEtYXJ0LmN6XC93cC1jb250ZW50XC91cGxvYWRzXC8yMDIzXC8xMFwvcHJ1bXlzbG92ZS1sYWtvdmFuaV85LmpwZyIsInNsaWRlc2hvdyI6Ijg1NDA2ODgifQ%3D%3D\">\n\t\t\t\t\t<div class=\"e-gallery-image elementor-gallery-item__image\" data-thumbnail=\"https:\/\/www.malena-art.cz\/wp-content\/uploads\/2023\/10\/prumyslove-lakovani_9-768x308.jpg\" data-width=\"768\" data-height=\"308\" aria-label=\"\" role=\"img\" ><\/div>\n\t\t\t\t\t\t\t\t\t\t\t<div class=\"elementor-gallery-item__overlay\"><\/div>\n\t\t\t\t\t\t\t\t\t\t\t\t\t\t<\/a>\n\t\t\t\t\t\t\t<a class=\"e-gallery-item elementor-gallery-item elementor-animated-content\" href=\"https:\/\/www.malena-art.cz\/wp-content\/uploads\/2023\/10\/prumyslove-lakovani_8.jpg\" data-elementor-open-lightbox=\"yes\" data-elementor-lightbox-slideshow=\"8540688\" data-elementor-lightbox-title=\"prumyslove-lakovani_8\" data-e-action-hash=\"#elementor-action%3Aaction%3Dlightbox%26settings%3DeyJpZCI6MTA0NiwidXJsIjoiaHR0cHM6XC9cL3d3dy5tYWxlbmEtYXJ0LmN6XC93cC1jb250ZW50XC91cGxvYWRzXC8yMDIzXC8xMFwvcHJ1bXlzbG92ZS1sYWtvdmFuaV84LmpwZyIsInNsaWRlc2hvdyI6Ijg1NDA2ODgifQ%3D%3D\">\n\t\t\t\t\t<div class=\"e-gallery-image elementor-gallery-item__image\" data-thumbnail=\"https:\/\/www.malena-art.cz\/wp-content\/uploads\/2023\/10\/prumyslove-lakovani_8-768x308.jpg\" data-width=\"768\" data-height=\"308\" aria-label=\"\" role=\"img\" ><\/div>\n\t\t\t\t\t\t\t\t\t\t\t<div class=\"elementor-gallery-item__overlay\"><\/div>\n\t\t\t\t\t\t\t\t\t\t\t\t\t\t<\/a>\n\t\t\t\t\t\t\t<a class=\"e-gallery-item elementor-gallery-item elementor-animated-content\" href=\"https:\/\/www.malena-art.cz\/wp-content\/uploads\/2023\/10\/prumyslove-lakovani_7.jpg\" data-elementor-open-lightbox=\"yes\" data-elementor-lightbox-slideshow=\"8540688\" data-elementor-lightbox-title=\"prumyslove-lakovani_7\" data-e-action-hash=\"#elementor-action%3Aaction%3Dlightbox%26settings%3DeyJpZCI6MTA0NSwidXJsIjoiaHR0cHM6XC9cL3d3dy5tYWxlbmEtYXJ0LmN6XC93cC1jb250ZW50XC91cGxvYWRzXC8yMDIzXC8xMFwvcHJ1bXlzbG92ZS1sYWtvdmFuaV83LmpwZyIsInNsaWRlc2hvdyI6Ijg1NDA2ODgifQ%3D%3D\">\n\t\t\t\t\t<div class=\"e-gallery-image elementor-gallery-item__image\" data-thumbnail=\"https:\/\/www.malena-art.cz\/wp-content\/uploads\/2023\/10\/prumyslove-lakovani_7-768x308.jpg\" data-width=\"768\" data-height=\"308\" aria-label=\"\" role=\"img\" ><\/div>\n\t\t\t\t\t\t\t\t\t\t\t<div class=\"elementor-gallery-item__overlay\"><\/div>\n\t\t\t\t\t\t\t\t\t\t\t\t\t\t<\/a>\n\t\t\t\t\t\t\t<a class=\"e-gallery-item elementor-gallery-item elementor-animated-content\" href=\"https:\/\/www.malena-art.cz\/wp-content\/uploads\/2023\/10\/prumyslove-lakovani_4.jpg\" data-elementor-open-lightbox=\"yes\" data-elementor-lightbox-slideshow=\"8540688\" data-elementor-lightbox-title=\"prumyslove-lakovani_4\" data-e-action-hash=\"#elementor-action%3Aaction%3Dlightbox%26settings%3DeyJpZCI6MTA0MiwidXJsIjoiaHR0cHM6XC9cL3d3dy5tYWxlbmEtYXJ0LmN6XC93cC1jb250ZW50XC91cGxvYWRzXC8yMDIzXC8xMFwvcHJ1bXlzbG92ZS1sYWtvdmFuaV80LmpwZyIsInNsaWRlc2hvdyI6Ijg1NDA2ODgifQ%3D%3D\">\n\t\t\t\t\t<div class=\"e-gallery-image elementor-gallery-item__image\" data-thumbnail=\"https:\/\/www.malena-art.cz\/wp-content\/uploads\/2023\/10\/prumyslove-lakovani_4-768x308.jpg\" data-width=\"768\" data-height=\"308\" aria-label=\"\" role=\"img\" ><\/div>\n\t\t\t\t\t\t\t\t\t\t\t<div class=\"elementor-gallery-item__overlay\"><\/div>\n\t\t\t\t\t\t\t\t\t\t\t\t\t\t<\/a>\n\t\t\t\t\t\t\t<a class=\"e-gallery-item elementor-gallery-item elementor-animated-content\" href=\"https:\/\/www.malena-art.cz\/wp-content\/uploads\/2023\/10\/prumyslove-lakovani_3.jpg\" data-elementor-open-lightbox=\"yes\" data-elementor-lightbox-slideshow=\"8540688\" data-elementor-lightbox-title=\"prumyslove-lakovani_3\" data-e-action-hash=\"#elementor-action%3Aaction%3Dlightbox%26settings%3DeyJpZCI6MTA0MSwidXJsIjoiaHR0cHM6XC9cL3d3dy5tYWxlbmEtYXJ0LmN6XC93cC1jb250ZW50XC91cGxvYWRzXC8yMDIzXC8xMFwvcHJ1bXlzbG92ZS1sYWtvdmFuaV8zLmpwZyIsInNsaWRlc2hvdyI6Ijg1NDA2ODgifQ%3D%3D\">\n\t\t\t\t\t<div class=\"e-gallery-image elementor-gallery-item__image\" data-thumbnail=\"https:\/\/www.malena-art.cz\/wp-content\/uploads\/2023\/10\/prumyslove-lakovani_3-768x308.jpg\" data-width=\"768\" data-height=\"308\" aria-label=\"\" role=\"img\" ><\/div>\n\t\t\t\t\t\t\t\t\t\t\t<div class=\"elementor-gallery-item__overlay\"><\/div>\n\t\t\t\t\t\t\t\t\t\t\t\t\t\t<\/a>\n\t\t\t\t\t\t\t<a class=\"e-gallery-item elementor-gallery-item elementor-animated-content\" href=\"https:\/\/www.malena-art.cz\/wp-content\/uploads\/2023\/10\/prumyslove-lakovani_2.jpg\" data-elementor-open-lightbox=\"yes\" data-elementor-lightbox-slideshow=\"8540688\" data-elementor-lightbox-title=\"prumyslove-lakovani_2\" data-e-action-hash=\"#elementor-action%3Aaction%3Dlightbox%26settings%3DeyJpZCI6MTA0MCwidXJsIjoiaHR0cHM6XC9cL3d3dy5tYWxlbmEtYXJ0LmN6XC93cC1jb250ZW50XC91cGxvYWRzXC8yMDIzXC8xMFwvcHJ1bXlzbG92ZS1sYWtvdmFuaV8yLmpwZyIsInNsaWRlc2hvdyI6Ijg1NDA2ODgifQ%3D%3D\">\n\t\t\t\t\t<div class=\"e-gallery-image elementor-gallery-item__image\" data-thumbnail=\"https:\/\/www.malena-art.cz\/wp-content\/uploads\/2023\/10\/prumyslove-lakovani_2-768x308.jpg\" data-width=\"768\" data-height=\"308\" aria-label=\"\" role=\"img\" ><\/div>\n\t\t\t\t\t\t\t\t\t\t\t<div class=\"elementor-gallery-item__overlay\"><\/div>\n\t\t\t\t\t\t\t\t\t\t\t\t\t\t<\/a>\n\t\t\t\t\t\t\t<a class=\"e-gallery-item elementor-gallery-item elementor-animated-content\" href=\"https:\/\/www.malena-art.cz\/wp-content\/uploads\/2023\/10\/prumyslove-lakovani_1.jpg\" data-elementor-open-lightbox=\"yes\" data-elementor-lightbox-slideshow=\"8540688\" data-elementor-lightbox-title=\"prumyslove-lakovani_1\" data-e-action-hash=\"#elementor-action%3Aaction%3Dlightbox%26settings%3DeyJpZCI6MTAzOSwidXJsIjoiaHR0cHM6XC9cL3d3dy5tYWxlbmEtYXJ0LmN6XC93cC1jb250ZW50XC91cGxvYWRzXC8yMDIzXC8xMFwvcHJ1bXlzbG92ZS1sYWtvdmFuaV8xLmpwZyIsInNsaWRlc2hvdyI6Ijg1NDA2ODgifQ%3D%3D\">\n\t\t\t\t\t<div class=\"e-gallery-image elementor-gallery-item__image\" data-thumbnail=\"https:\/\/www.malena-art.cz\/wp-content\/uploads\/2023\/10\/prumyslove-lakovani_1-768x308.jpg\" data-width=\"768\" data-height=\"308\" aria-label=\"\" role=\"img\" ><\/div>\n\t\t\t\t\t\t\t\t\t\t\t<div class=\"elementor-gallery-item__overlay\"><\/div>\n\t\t\t\t\t\t\t\t\t\t\t\t\t\t<\/a>\n\t\t\t\t\t\t\t<a class=\"e-gallery-item elementor-gallery-item elementor-animated-content\" href=\"https:\/\/www.malena-art.cz\/wp-content\/uploads\/2023\/09\/Designove-lakovani-RC-ovladacu-2-1-scaled.jpg\" data-elementor-open-lightbox=\"yes\" data-elementor-lightbox-slideshow=\"8540688\" data-elementor-lightbox-title=\"Designov\u00e9 lakov\u00e1n\u00ed RC ovlada\u010d\u016f (2)\" data-e-action-hash=\"#elementor-action%3Aaction%3Dlightbox%26settings%3DeyJpZCI6OTYzLCJ1cmwiOiJodHRwczpcL1wvd3d3Lm1hbGVuYS1hcnQuY3pcL3dwLWNvbnRlbnRcL3VwbG9hZHNcLzIwMjNcLzA5XC9EZXNpZ25vdmUtbGFrb3ZhbmktUkMtb3ZsYWRhY3UtMi0xLXNjYWxlZC5qcGciLCJzbGlkZXNob3ciOiI4NTQwNjg4In0%3D\">\n\t\t\t\t\t<div class=\"e-gallery-image elementor-gallery-item__image\" data-thumbnail=\"https:\/\/www.malena-art.cz\/wp-content\/uploads\/2023\/09\/Designove-lakovani-RC-ovladacu-2-1-768x576.jpg\" data-width=\"768\" data-height=\"576\" aria-label=\"\" role=\"img\" ><\/div>\n\t\t\t\t\t\t\t\t\t\t\t<div class=\"elementor-gallery-item__overlay\"><\/div>\n\t\t\t\t\t\t\t\t\t\t\t\t\t\t<\/a>\n\t\t\t\t\t\t\t<a class=\"e-gallery-item elementor-gallery-item elementor-animated-content\" href=\"https:\/\/www.malena-art.cz\/wp-content\/uploads\/2023\/09\/Designove-lakovani-RC-ovladacu-scaled.jpg\" data-elementor-open-lightbox=\"yes\" data-elementor-lightbox-slideshow=\"8540688\" data-elementor-lightbox-title=\"Designov\u00e9 lakov\u00e1n\u00ed RC ovlada\u010d\u016f\" data-e-action-hash=\"#elementor-action%3Aaction%3Dlightbox%26settings%3DeyJpZCI6OTY3LCJ1cmwiOiJodHRwczpcL1wvd3d3Lm1hbGVuYS1hcnQuY3pcL3dwLWNvbnRlbnRcL3VwbG9hZHNcLzIwMjNcLzA5XC9EZXNpZ25vdmUtbGFrb3ZhbmktUkMtb3ZsYWRhY3Utc2NhbGVkLmpwZyIsInNsaWRlc2hvdyI6Ijg1NDA2ODgifQ%3D%3D\">\n\t\t\t\t\t<div class=\"e-gallery-image elementor-gallery-item__image\" data-thumbnail=\"https:\/\/www.malena-art.cz\/wp-content\/uploads\/2023\/09\/Designove-lakovani-RC-ovladacu-768x1024.jpg\" data-width=\"768\" data-height=\"1024\" aria-label=\"\" role=\"img\" ><\/div>\n\t\t\t\t\t\t\t\t\t\t\t<div class=\"elementor-gallery-item__overlay\"><\/div>\n\t\t\t\t\t\t\t\t\t\t\t\t\t\t<\/a>\n\t\t\t\t\t<\/div>\n\t\t\t\t\t<\/div>\n\t\t\t\t<\/div>\n\t\t\t\t\t<\/div>\n\t\t<\/div>\n\t\t\t\t\t<\/div>\n\t\t<\/section>\n\t\t\t\t<section class=\"elementor-section elementor-inner-section elementor-element elementor-element-9c5c579 elementor-section-boxed elementor-section-height-default elementor-section-height-default\" data-id=\"9c5c579\" data-element_type=\"section\" data-e-type=\"section\" data-settings=\"{&quot;jet_parallax_layout_list&quot;:[]}\">\n\t\t\t\t\t\t<div class=\"elementor-container elementor-column-gap-default\">\n\t\t\t\t\t<div class=\"elementor-column elementor-col-50 elementor-inner-column elementor-element elementor-element-433839e\" data-id=\"433839e\" data-element_type=\"column\" data-e-type=\"column\">\n\t\t\t<div class=\"elementor-widget-wrap elementor-element-populated\">\n\t\t\t\t\t\t<div class=\"elementor-element elementor-element-b893c7f elementor-position-inline-start elementor-view-default elementor-mobile-position-block-start elementor-widget elementor-widget-icon-box\" data-id=\"b893c7f\" data-element_type=\"widget\" data-e-type=\"widget\" data-widget_type=\"icon-box.default\">\n\t\t\t\t<div class=\"elementor-widget-container\">\n\t\t\t\t\t\t\t<div class=\"elementor-icon-box-wrapper\">\n\n\t\t\t\t\t\t<div class=\"elementor-icon-box-icon\">\n\t\t\t\t<a href=\"\/en\/design-painting\/\" class=\"elementor-icon\" tabindex=\"-1\" aria-label=\"Design painting\">\n\t\t\t\t<svg xmlns=\"http:\/\/www.w3.org\/2000\/svg\" xmlns:xlink=\"http:\/\/www.w3.org\/1999\/xlink\" id=\"Layer_1\" x=\"0px\" y=\"0px\" viewBox=\"0 0 511.987 511.987\" style=\"enable-background:new 0 0 511.987 511.987;\" xml:space=\"preserve\"><g>\t<g>\t\t<path d=\"M199.81,97.388l-24.133-24.133L5.005,243.927c-6.673,6.673-6.673,17.46,0,24.133l170.672,170.672l24.133-24.133   L58.272,273.061h453.715v-34.135H58.272L199.81,97.388z\"><\/path>\t<\/g><\/g><g><\/g><g><\/g><g><\/g><g><\/g><g><\/g><g><\/g><g><\/g><g><\/g><g><\/g><g><\/g><g><\/g><g><\/g><g><\/g><g><\/g><g><\/g><\/svg>\t\t\t\t<\/a>\n\t\t\t<\/div>\n\t\t\t\n\t\t\t\t\t\t<div class=\"elementor-icon-box-content\">\n\n\t\t\t\t\t\t\t\t\t<h3 class=\"elementor-icon-box-title\">\n\t\t\t\t\t\t<a href=\"\/en\/design-painting\/\" >\n\t\t\t\t\t\t\tDesign painting\t\t\t\t\t\t<\/a>\n\t\t\t\t\t<\/h3>\n\t\t\t\t\n\t\t\t\t\n\t\t\t<\/div>\n\t\t\t\n\t\t<\/div>\n\t\t\t\t\t\t<\/div>\n\t\t\t\t<\/div>\n\t\t\t\t\t<\/div>\n\t\t<\/div>\n\t\t\t\t<div class=\"elementor-column elementor-col-50 elementor-inner-column elementor-element elementor-element-f3fac95\" data-id=\"f3fac95\" data-element_type=\"column\" data-e-type=\"column\">\n\t\t\t<div class=\"elementor-widget-wrap elementor-element-populated\">\n\t\t\t\t\t\t<div class=\"elementor-element elementor-element-01c6322 elementor-position-inline-end elementor-view-default elementor-mobile-position-block-start elementor-widget elementor-widget-icon-box\" data-id=\"01c6322\" data-element_type=\"widget\" data-e-type=\"widget\" data-widget_type=\"icon-box.default\">\n\t\t\t\t<div class=\"elementor-widget-container\">\n\t\t\t\t\t\t\t<div class=\"elementor-icon-box-wrapper\">\n\n\t\t\t\t\t\t<div class=\"elementor-icon-box-icon\">\n\t\t\t\t<a href=\"\/en\/stainless-steel-painting\/\" class=\"elementor-icon\" tabindex=\"-1\" aria-label=\"Stainless steel painting\">\n\t\t\t\t<svg xmlns=\"http:\/\/www.w3.org\/2000\/svg\" xmlns:xlink=\"http:\/\/www.w3.org\/1999\/xlink\" id=\"Capa_1\" x=\"0px\" y=\"0px\" viewBox=\"0 0 512 512\" style=\"enable-background:new 0 0 512 512;\" xml:space=\"preserve\"><g>\t<g>\t\t<polygon points=\"303.616,64.034 283.747,86.511 458.514,241 0,241 0,271 458.514,271 283.747,425.489 303.616,447.966    512,263.761 512,248.239   \"><\/polygon>\t<\/g><\/g><g><\/g><g><\/g><g><\/g><g><\/g><g><\/g><g><\/g><g><\/g><g><\/g><g><\/g><g><\/g><g><\/g><g><\/g><g><\/g><g><\/g><g><\/g><\/svg>\t\t\t\t<\/a>\n\t\t\t<\/div>\n\t\t\t\n\t\t\t\t\t\t<div class=\"elementor-icon-box-content\">\n\n\t\t\t\t\t\t\t\t\t<h3 class=\"elementor-icon-box-title\">\n\t\t\t\t\t\t<a href=\"\/en\/stainless-steel-painting\/\" >\n\t\t\t\t\t\t\tStainless steel painting\t\t\t\t\t\t<\/a>\n\t\t\t\t\t<\/h3>\n\t\t\t\t\n\t\t\t\t\n\t\t\t<\/div>\n\t\t\t\n\t\t<\/div>\n\t\t\t\t\t\t<\/div>\n\t\t\t\t<\/div>\n\t\t\t\t\t<\/div>\n\t\t<\/div>\n\t\t\t\t\t<\/div>\n\t\t<\/section>\n\t\t\t\t\t<\/div>\n\t\t<\/div>\n\t\t\t\t\t<\/div>\n\t\t<\/section>\n\t\t\t\t<\/div>\n\t\t","protected":false},"excerpt":{"rendered":"<p>Back Every day, we tackle new challenges, seek more sophisticated technological approaches, and discover increasingly beautiful colors. Just for you. Quality lacquered furniture handles have closed over seven million doors and drawers worldwide, sparkling metallic finishes adorn three million bicycle shifters, hundreds of thousands of granite faucets regulate water flows in kitchens every day, and [&hellip;]<\/p>\n","protected":false},"author":3,"featured_media":0,"parent":0,"menu_order":0,"comment_status":"closed","ping_status":"closed","template":"","meta":{"footnotes":""},"class_list":["post-1092","page","type-page","status-publish","hentry"],"_links":{"self":[{"href":"https:\/\/www.malena-art.cz\/en\/wp-json\/wp\/v2\/pages\/1092","targetHints":{"allow":["GET"]}}],"collection":[{"href":"https:\/\/www.malena-art.cz\/en\/wp-json\/wp\/v2\/pages"}],"about":[{"href":"https:\/\/www.malena-art.cz\/en\/wp-json\/wp\/v2\/types\/page"}],"author":[{"embeddable":true,"href":"https:\/\/www.malena-art.cz\/en\/wp-json\/wp\/v2\/users\/3"}],"replies":[{"embeddable":true,"href":"https:\/\/www.malena-art.cz\/en\/wp-json\/wp\/v2\/comments?post=1092"}],"version-history":[{"count":6,"href":"https:\/\/www.malena-art.cz\/en\/wp-json\/wp\/v2\/pages\/1092\/revisions"}],"predecessor-version":[{"id":1119,"href":"https:\/\/www.malena-art.cz\/en\/wp-json\/wp\/v2\/pages\/1092\/revisions\/1119"}],"wp:attachment":[{"href":"https:\/\/www.malena-art.cz\/en\/wp-json\/wp\/v2\/media?parent=1092"}],"curies":[{"name":"wp","href":"https:\/\/api.w.org\/{rel}","templated":true}]}}